{"id":7201,"date":"2024-06-03T11:41:16","date_gmt":"2024-06-03T14:41:16","guid":{"rendered":"https:\/\/rosa-me.com.br\/?post_type=product&#038;p=7201"},"modified":"2024-06-12T10:02:56","modified_gmt":"2024-06-12T13:02:56","slug":"lenco-pet","status":"publish","type":"product","link":"https:\/\/rosa-me.com.br\/?product=lenco-pet","title":{"rendered":"Len\u00e7o Pet"},"content":{"rendered":"<p>\u2234\u00a0<strong>Len\u00e7o Pet<\/strong>\u00a0\u2234<\/p>\n<p>O formul\u00e1rio esta no Instagram @__rosa.me,\u00a0 veja o post fixado no feed, sobre encomenda de len\u00e7os Pet! O formul\u00e1rio para montar seu len\u00e7o esta na Biografia do Insta.\u00a0Preencheu o formul\u00e1rio para encomendar seu Len\u00e7o Pet? Aqui \u00e9 uma das formas de seguir com o pagamento! Escolha o tamanho que prefere, siga com o pagamento e prontinho!<\/p>\n<p>\u2756 Tecido Silk Luna<br \/>\n\u2756 Tamanho 70cm x 70cm &amp; 50x50cm<\/p>\n<p>100% poli\u00e9ster<\/p>\n<p><strong>Cuidados<\/strong><br \/>\nLave preferencialmente a m\u00e3o. Se for lavar em m\u00e1quina, usar lave com temperatura m\u00e9dia e n\u00e3o misturar com pe\u00e7as coloridas.<br \/>\nN\u00e3o use alvejantes \u00e0 base de cloro.<br \/>\nSecar naturalmente em varal, n\u00e3o usar secadora.<br \/>\nPara passar, use o ferro a no m\u00e1ximo 110 grau.<\/p>\n","protected":false},"excerpt":{"rendered":"<p>\u2234\u00a0Len\u00e7o Pet\u00a0\u2234 O formul\u00e1rio esta no Instagram @__rosa.me,\u00a0 veja o post fixado no feed, sobre encomenda de len\u00e7os Pet! O formul\u00e1rio para montar seu len\u00e7o esta na Biografia do Insta.\u00a0Preencheu o formul\u00e1rio para encomendar seu Len\u00e7o Pet? Aqui \u00e9 uma das formas de seguir com o pagamento! Escolha o tamanho que prefere, siga com o [&hellip;]<\/p>\n","protected":false},"featured_media":7208,"comment_status":"open","ping_status":"closed","template":"","meta":{"site-sidebar-layout":"default","site-content-layout":"","ast-site-content-layout":"default","site-content-style":"default","site-sidebar-style":"default","ast-global-header-display":"","ast-banner-title-visibility":"","ast-main-header-display":"","ast-hfb-above-header-display":"","ast-hfb-below-header-display":"","ast-hfb-mobile-header-display":"","site-post-title":"","ast-breadcrumbs-content":"","ast-featured-img":"","footer-sml-layout":"","theme-transparent-header-meta":"default","adv-header-id-meta":"","stick-header-meta":"","header-above-stick-meta":"","header-main-stick-meta":"","header-below-stick-meta":"","astra-migrate-meta-layouts":"set","ast-page-background-enabled":"default","ast-page-background-meta":{"desktop":{"background-color":"","background-image":"","background-repeat":"repeat","background-position":"center center","background-size":"auto","background-attachment":"scroll","background-type":"","background-media":"","overlay-type":"","overlay-color":"","overlay-gradient":""},"tablet":{"background-color":"","background-image":"","background-repeat":"repeat","background-position":"center center","background-size":"auto","background-attachment":"scroll","background-type":"","background-media":"","overlay-type":"","overlay-color":"","overlay-gradient":""},"mobile":{"background-color":"","background-image":"","background-repeat":"repeat","background-position":"center center","background-size":"auto","background-attachment":"scroll","background-type":"","background-media":"","overlay-type":"","overlay-color":"","overlay-gradient":""}},"ast-content-background-meta":{"desktop":{"background-color":"var(--ast-global-color-5)","background-image":"","background-repeat":"repeat","background-position":"center center","background-size":"auto","background-attachment":"scroll","background-type":"","background-media":"","overlay-type":"","overlay-color":"","overlay-gradient":""},"tablet":{"background-color":"var(--ast-global-color-5)","background-image":"","background-repeat":"repeat","background-position":"center center","background-size":"auto","background-attachment":"scroll","background-type":"","background-media":"","overlay-type":"","overlay-color":"","overlay-gradient":""},"mobile":{"background-color":"var(--ast-global-color-5)","background-image":"","background-repeat":"repeat","background-position":"center center","background-size":"auto","background-attachment":"scroll","background-type":"","background-media":"","overlay-type":"","overlay-color":"","overlay-gradient":""}}},"product_brand":[],"product_cat":[86,24],"product_tag":[84,44,42,65,85],"class_list":{"0":"post-7201","1":"product","2":"type-product","3":"status-publish","4":"has-post-thumbnail","6":"product_cat-lencopet","7":"product_cat-produtos","8":"product_tag-acessoriospet","9":"product_tag-autoral","10":"product_tag-lenco","11":"product_tag-modaautoral","12":"product_tag-petlovers","13":"pa_tamanho-menor","14":"pa_tamanho-maior","15":"desktop-align-center","16":"tablet-align-center","17":"mobile-align-center","19":"first","20":"instock","21":"shipping-taxable","22":"purchasable","23":"product-type-variable"},"jetpack_sharing_enabled":true,"_links":{"self":[{"href":"https:\/\/rosa-me.com.br\/index.php?rest_route=\/wp\/v2\/product\/7201","targetHints":{"allow":["GET"]}}],"collection":[{"href":"https:\/\/rosa-me.com.br\/index.php?rest_route=\/wp\/v2\/product"}],"about":[{"href":"https:\/\/rosa-me.com.br\/index.php?rest_route=\/wp\/v2\/types\/product"}],"replies":[{"embeddable":true,"href":"https:\/\/rosa-me.com.br\/index.php?rest_route=%2Fwp%2Fv2%2Fcomments&post=7201"}],"wp:featuredmedia":[{"embeddable":true,"href":"https:\/\/rosa-me.com.br\/index.php?rest_route=\/wp\/v2\/media\/7208"}],"wp:attachment":[{"href":"https:\/\/rosa-me.com.br\/index.php?rest_route=%2Fwp%2Fv2%2Fmedia&parent=7201"}],"wp:term":[{"taxonomy":"product_brand","embeddable":true,"href":"https:\/\/rosa-me.com.br\/index.php?rest_route=%2Fwp%2Fv2%2Fproduct_brand&post=7201"},{"taxonomy":"product_cat","embeddable":true,"href":"https:\/\/rosa-me.com.br\/index.php?rest_route=%2Fwp%2Fv2%2Fproduct_cat&post=7201"},{"taxonomy":"product_tag","embeddable":true,"href":"https:\/\/rosa-me.com.br\/index.php?rest_route=%2Fwp%2Fv2%2Fproduct_tag&post=7201"}],"curies":[{"name":"wp","href":"https:\/\/api.w.org\/{rel}","templated":true}]}}