{"id":6960,"date":"2024-04-18T14:16:36","date_gmt":"2024-04-18T17:16:36","guid":{"rendered":"https:\/\/rosa-me.com.br\/?post_type=product&#038;p=6960"},"modified":"2025-05-27T22:17:30","modified_gmt":"2025-05-28T01:17:30","slug":"chakras","status":"publish","type":"product","link":"https:\/\/rosa-me.com.br\/?product=chakras","title":{"rendered":"Chakras"},"content":{"rendered":"<p>\u2234\u00a0<strong>Echarpe Chakras<\/strong>\u00a0\u2234<\/p>\n<p>\u2756 Tecido Silk Touch<br \/>\n\u2756 Tamanho 1,50m x 50cm<\/p>\n<p>As pe\u00e7as Rosa.Me possuem estampas autorais e exclusivas, desenvolvidas pela nossa artista atrav\u00e9s de pintura \u00e0 m\u00e3o<br \/>\ne digital. As pe\u00e7as podem ser usadas de in\u00fameras formas, como acess\u00f3rios de moda (seja na roupa, pesco\u00e7o e cabelo), decora\u00e7\u00e3o de parede e mesa, canga de praia &amp; piquenique, sa\u00edda de praia, manta para sof\u00e1s \u2013 como voc\u00ea quiser!<br \/>\nE tamb\u00e9m \u00e9 uma \u00f3tima op\u00e7\u00e3o para presentear algu\u00e9m especial.<\/p>\n<p><strong>Cuidados<\/strong><br \/>\nLave preferencialmente a m\u00e3o. Se for lavar em m\u00e1quina, usar o modo delicado e n\u00e3o misturar com pe\u00e7as coloridas.<br \/>\nN\u00e3o use alvejantes \u00e0 base de cloro.<br \/>\nSecar naturalmente em varal, n\u00e3o usar secadora.<br \/>\nPara passar, use o ferro a no m\u00e1ximo 110 graus.<\/p>\n","protected":false},"excerpt":{"rendered":"<p>\u2234\u00a0Echarpe Chakras\u00a0\u2234 \u2756 Tecido Silk Touch \u2756 Tamanho 1,50m x 50cm As pe\u00e7as Rosa.Me possuem estampas autorais e exclusivas, desenvolvidas pela nossa artista atrav\u00e9s de pintura \u00e0 m\u00e3o e digital. As pe\u00e7as podem ser usadas de in\u00fameras formas, como acess\u00f3rios de moda (seja na roupa, pesco\u00e7o e cabelo), decora\u00e7\u00e3o de parede e mesa, canga de [&hellip;]<\/p>\n","protected":false},"featured_media":6949,"comment_status":"open","ping_status":"closed","template":"","meta":{"site-sidebar-layout":"default","site-content-layout":"","ast-site-content-layout":"default","site-content-style":"default","site-sidebar-style":"default","ast-global-header-display":"","ast-banner-title-visibility":"","ast-main-header-display":"","ast-hfb-above-header-display":"","ast-hfb-below-header-display":"","ast-hfb-mobile-header-display":"","site-post-title":"","ast-breadcrumbs-content":"","ast-featured-img":"","footer-sml-layout":"","theme-transparent-header-meta":"default","adv-header-id-meta":"","stick-header-meta":"","header-above-stick-meta":"","header-main-stick-meta":"","header-below-stick-meta":"","astra-migrate-meta-layouts":"set","ast-page-background-enabled":"default","ast-page-background-meta":{"desktop":{"background-color":"","background-image":"","background-repeat":"repeat","background-position":"center center","background-size":"auto","background-attachment":"scroll","background-type":"","background-media":"","overlay-type":"","overlay-color":"","overlay-gradient":""},"tablet":{"background-color":"","background-image":"","background-repeat":"repeat","background-position":"center center","background-size":"auto","background-attachment":"scroll","background-type":"","background-media":"","overlay-type":"","overlay-color":"","overlay-gradient":""},"mobile":{"background-color":"","background-image":"","background-repeat":"repeat","background-position":"center center","background-size":"auto","background-attachment":"scroll","background-type":"","background-media":"","overlay-type":"","overlay-color":"","overlay-gradient":""}},"ast-content-background-meta":{"desktop":{"background-color":"var(--ast-global-color-5)","background-image":"","background-repeat":"repeat","background-position":"center center","background-size":"auto","background-attachment":"scroll","background-type":"","background-media":"","overlay-type":"","overlay-color":"","overlay-gradient":""},"tablet":{"background-color":"var(--ast-global-color-5)","background-image":"","background-repeat":"repeat","background-position":"center center","background-size":"auto","background-attachment":"scroll","background-type":"","background-media":"","overlay-type":"","overlay-color":"","overlay-gradient":""},"mobile":{"background-color":"var(--ast-global-color-5)","background-image":"","background-repeat":"repeat","background-position":"center center","background-size":"auto","background-attachment":"scroll","background-type":"","background-media":"","overlay-type":"","overlay-color":"","overlay-gradient":""}}},"product_brand":[],"product_cat":[41,24],"product_tag":[40,39,44,43,38,65],"class_list":{"0":"post-6960","1":"product","2":"type-product","3":"status-publish","4":"has-post-thumbnail","6":"product_cat-echarpes","7":"product_cat-produtos","8":"product_tag-acessorios","9":"product_tag-arteemtecido","10":"product_tag-autoral","11":"product_tag-echarpe","12":"product_tag-moda","13":"product_tag-modaautoral","14":"desktop-align-center","15":"tablet-align-center","16":"mobile-align-center","18":"first","19":"onbackorder","20":"shipping-taxable","21":"purchasable","22":"product-type-simple"},"jetpack_sharing_enabled":true,"_links":{"self":[{"href":"https:\/\/rosa-me.com.br\/index.php?rest_route=\/wp\/v2\/product\/6960","targetHints":{"allow":["GET"]}}],"collection":[{"href":"https:\/\/rosa-me.com.br\/index.php?rest_route=\/wp\/v2\/product"}],"about":[{"href":"https:\/\/rosa-me.com.br\/index.php?rest_route=\/wp\/v2\/types\/product"}],"replies":[{"embeddable":true,"href":"https:\/\/rosa-me.com.br\/index.php?rest_route=%2Fwp%2Fv2%2Fcomments&post=6960"}],"wp:featuredmedia":[{"embeddable":true,"href":"https:\/\/rosa-me.com.br\/index.php?rest_route=\/wp\/v2\/media\/6949"}],"wp:attachment":[{"href":"https:\/\/rosa-me.com.br\/index.php?rest_route=%2Fwp%2Fv2%2Fmedia&parent=6960"}],"wp:term":[{"taxonomy":"product_brand","embeddable":true,"href":"https:\/\/rosa-me.com.br\/index.php?rest_route=%2Fwp%2Fv2%2Fproduct_brand&post=6960"},{"taxonomy":"product_cat","embeddable":true,"href":"https:\/\/rosa-me.com.br\/index.php?rest_route=%2Fwp%2Fv2%2Fproduct_cat&post=6960"},{"taxonomy":"product_tag","embeddable":true,"href":"https:\/\/rosa-me.com.br\/index.php?rest_route=%2Fwp%2Fv2%2Fproduct_tag&post=6960"}],"curies":[{"name":"wp","href":"https:\/\/api.w.org\/{rel}","templated":true}]}}