{"id":96,"date":"2018-06-18T06:57:57","date_gmt":"2018-06-18T09:57:57","guid":{"rendered":"http:\/\/rosa-me.com.br\/?page_id=96"},"modified":"2024-05-09T22:39:24","modified_gmt":"2024-05-10T01:39:24","slug":"sobrenos","status":"publish","type":"page","link":"https:\/\/rosa-me.com.br\/?page_id=96","title":{"rendered":"Sobre N\u00f3s"},"content":{"rendered":"\t\t<div data-elementor-type=\"wp-post\" data-elementor-id=\"96\" class=\"elementor elementor-96\">\n\t\t\t\t\t\t<section class=\"elementor-section elementor-top-section elementor-element elementor-element-77a936a elementor-section-boxed elementor-section-height-default elementor-section-height-default\" data-id=\"77a936a\" data-element_type=\"section\">\n\t\t\t\t\t\t<div class=\"elementor-container elementor-column-gap-default\">\n\t\t\t\t\t<div class=\"elementor-column elementor-col-100 elementor-top-column elementor-element elementor-element-51e4ecc\" data-id=\"51e4ecc\" data-element_type=\"column\">\n\t\t\t<div class=\"elementor-widget-wrap elementor-element-populated\">\n\t\t\t\t\t\t<div class=\"elementor-element elementor-element-f2d33a7 elementor-widget elementor-widget-spacer\" data-id=\"f2d33a7\" data-element_type=\"widget\" data-widget_type=\"spacer.default\">\n\t\t\t\t<div class=\"elementor-widget-container\">\n\t\t\t\t\t\t\t<div class=\"elementor-spacer\">\n\t\t\t<div class=\"elementor-spacer-inner\"><\/div>\n\t\t<\/div>\n\t\t\t\t\t\t<\/div>\n\t\t\t\t<\/div>\n\t\t\t\t\t<\/div>\n\t\t<\/div>\n\t\t\t\t\t<\/div>\n\t\t<\/section>\n\t\t\t\t<section class=\"elementor-section elementor-top-section elementor-element elementor-element-7af1913 elementor-section-content-middle elementor-section-boxed elementor-section-height-default elementor-section-height-default\" data-id=\"7af1913\" data-element_type=\"section\" data-settings=\"{&quot;background_background&quot;:&quot;classic&quot;}\">\n\t\t\t\t\t\t\t<div class=\"elementor-background-overlay\"><\/div>\n\t\t\t\t\t\t\t<div class=\"elementor-container elementor-column-gap-default\">\n\t\t\t\t\t<div class=\"elementor-column elementor-col-100 elementor-top-column elementor-element elementor-element-6ed6cac\" data-id=\"6ed6cac\" data-element_type=\"column\">\n\t\t\t<div class=\"elementor-widget-wrap elementor-element-populated\">\n\t\t\t\t\t\t\t<\/div>\n\t\t<\/div>\n\t\t\t\t\t<\/div>\n\t\t<\/section>\n\t\t\t\t<section class=\"elementor-section elementor-top-section elementor-element elementor-element-7d33ea6 elementor-section-boxed elementor-section-height-default elementor-section-height-default\" data-id=\"7d33ea6\" data-element_type=\"section\">\n\t\t\t\t\t\t<div class=\"elementor-container elementor-column-gap-default\">\n\t\t\t\t\t<div class=\"elementor-column elementor-col-50 elementor-top-column elementor-element elementor-element-827726c\" data-id=\"827726c\" data-element_type=\"column\">\n\t\t\t<div class=\"elementor-widget-wrap elementor-element-populated\">\n\t\t\t\t\t\t<div class=\"elementor-element elementor-element-173faf5 elementor-vertical-align-top elementor-widget elementor-widget-image-box\" data-id=\"173faf5\" data-element_type=\"widget\" data-widget_type=\"image-box.default\">\n\t\t\t\t<div class=\"elementor-widget-container\">\n\t\t\t\t\t<div class=\"elementor-image-box-wrapper\"><div class=\"elementor-image-box-content\"><h2 class=\"elementor-image-box-title\">Nossa hist\u00f3ria<\/h2><p class=\"elementor-image-box-description\">\n\n<\/p><\/div><\/div>\t\t\t\t<\/div>\n\t\t\t\t<\/div>\n\t\t\t\t<div class=\"elementor-element elementor-element-6717c3e elementor-widget__width-initial elementor-widget elementor-widget-text-editor\" data-id=\"6717c3e\" data-element_type=\"widget\" data-widget_type=\"text-editor.default\">\n\t\t\t\t<div class=\"elementor-widget-container\">\n\t\t\t\t\t\t\t\t\t<p>Nossa hist\u00f3ria come\u00e7a com a nossa maior inspira\u00e7\u00e3o na fam\u00edlia, m\u00e3e e av\u00f3, Olinda Metran que sempre foi uma artista talentosa e apaixonada. Ela criou muitas pinturas incr\u00edveis e esculturas maravilhosas ao longo dos anos, sempre experimentando novas t\u00e9cnicas e estilos.&nbsp;<span style=\"font-style: inherit; font-weight: inherit; letter-spacing: 0.4px;\">Tamb\u00e9m pintava tecidos \u00e0 m\u00e3o, usando sua habilidade e talento para criar pe\u00e7as \u00fanicas e deslumbrantes.<\/span><\/p>\n<p>N\u00f3s sempre fomos fascinadas pelos len\u00e7os que ela criava e ador\u00e1vamos us\u00e1-los como acess\u00f3rios em nossas pr\u00f3prias roupas ou como decora\u00e7\u00e3o para a casa. Quando decidimos criar nossa marca, n\u00e3o havia d\u00favida de que quer\u00edamos honrar essa tradi\u00e7\u00e3o.<\/p>\n<p>Cada um dos nossos len\u00e7os \u00e9 feito com amor e inspira\u00e7\u00e3o.&nbsp;<span style=\"font-style: inherit; font-weight: inherit; letter-spacing: 0.4px;\">N\u00f3s esperamos que voc\u00ea ame os nossas pe\u00e7as tanto quanto n\u00f3s amamos cri\u00e1-las.&nbsp;<\/span><\/p>\n<p><span style=\"font-style: inherit; font-weight: inherit; letter-spacing: 0.4px;\">Al\u00e9m de tamb\u00e9m estar apoiando artistas independentes, que trabalham no modelo Slow-Fashion (o oposto de grandes empresas)<\/span><\/p>\t\t\t\t\t\t\t\t<\/div>\n\t\t\t\t<\/div>\n\t\t\t\t\t<\/div>\n\t\t<\/div>\n\t\t\t\t<div class=\"elementor-column elementor-col-50 elementor-top-column elementor-element elementor-element-ce44ef3\" data-id=\"ce44ef3\" data-element_type=\"column\">\n\t\t\t<div class=\"elementor-widget-wrap elementor-element-populated\">\n\t\t\t\t\t\t<div class=\"elementor-element elementor-element-e235669 elementor-widget elementor-widget-image\" data-id=\"e235669\" data-element_type=\"widget\" data-widget_type=\"image.default\">\n\t\t\t\t<div class=\"elementor-widget-container\">\n\t\t\t\t\t\t\t\t\t\t\t\t\t\t\t<img fetchpriority=\"high\" decoding=\"async\" width=\"679\" height=\"1024\" src=\"https:\/\/rosa-me.com.br\/wp-content\/uploads\/2023\/05\/pintadomao7-679x1024.jpg\" class=\"attachment-large size-large wp-image-5637\" alt=\"\" srcset=\"https:\/\/rosa-me.com.br\/wp-content\/uploads\/2023\/05\/pintadomao7-679x1024.jpg 679w, https:\/\/rosa-me.com.br\/wp-content\/uploads\/2023\/05\/pintadomao7-600x904.jpg 600w, https:\/\/rosa-me.com.br\/wp-content\/uploads\/2023\/05\/pintadomao7-199x300.jpg 199w, https:\/\/rosa-me.com.br\/wp-content\/uploads\/2023\/05\/pintadomao7-768x1158.jpg 768w, https:\/\/rosa-me.com.br\/wp-content\/uploads\/2023\/05\/pintadomao7.jpg 871w\" sizes=\"(max-width: 679px) 100vw, 679px\" \/>\t\t\t\t\t\t\t\t\t\t\t\t\t\t\t<\/div>\n\t\t\t\t<\/div>\n\t\t\t\t\t<\/div>\n\t\t<\/div>\n\t\t\t\t\t<\/div>\n\t\t<\/section>\n\t\t\t\t<section class=\"elementor-section elementor-top-section elementor-element elementor-element-e61e894 elementor-section-boxed elementor-section-height-default elementor-section-height-default\" data-id=\"e61e894\" data-element_type=\"section\">\n\t\t\t\t\t\t<div class=\"elementor-container elementor-column-gap-default\">\n\t\t\t\t\t<div class=\"elementor-column elementor-col-50 elementor-top-column elementor-element elementor-element-b96aa80\" data-id=\"b96aa80\" data-element_type=\"column\">\n\t\t\t<div class=\"elementor-widget-wrap elementor-element-populated\">\n\t\t\t\t\t\t<div class=\"elementor-element elementor-element-bc6836d elementor-widget elementor-widget-image\" data-id=\"bc6836d\" data-element_type=\"widget\" data-widget_type=\"image.default\">\n\t\t\t\t<div class=\"elementor-widget-container\">\n\t\t\t\t\t\t\t\t\t\t\t\t\t\t\t<img decoding=\"async\" width=\"150\" height=\"150\" src=\"https:\/\/rosa-me.com.br\/wp-content\/uploads\/2023\/04\/cropped-cropped-cropped-logo-ROSAME-paraartes-150x150.png\" class=\"attachment-thumbnail size-thumbnail wp-image-6579\" alt=\"\" srcset=\"https:\/\/rosa-me.com.br\/wp-content\/uploads\/2023\/04\/cropped-cropped-cropped-logo-ROSAME-paraartes-150x150.png 150w, https:\/\/rosa-me.com.br\/wp-content\/uploads\/2023\/04\/cropped-cropped-cropped-logo-ROSAME-paraartes-300x300.png 300w, https:\/\/rosa-me.com.br\/wp-content\/uploads\/2023\/04\/cropped-cropped-cropped-logo-ROSAME-paraartes-100x100.png 100w, https:\/\/rosa-me.com.br\/wp-content\/uploads\/2023\/04\/cropped-cropped-cropped-logo-ROSAME-paraartes-120x119.png 120w\" sizes=\"(max-width: 150px) 100vw, 150px\" \/>\t\t\t\t\t\t\t\t\t\t\t\t\t\t\t<\/div>\n\t\t\t\t<\/div>\n\t\t\t\t\t<\/div>\n\t\t<\/div>\n\t\t\t\t<div class=\"elementor-column elementor-col-50 elementor-top-column elementor-element elementor-element-1c4f3ab\" data-id=\"1c4f3ab\" data-element_type=\"column\">\n\t\t\t<div class=\"elementor-widget-wrap elementor-element-populated\">\n\t\t\t\t\t\t<div class=\"elementor-element elementor-element-31f55d8 elementor-widget elementor-widget-text-editor\" data-id=\"31f55d8\" data-element_type=\"widget\" data-widget_type=\"text-editor.default\">\n\t\t\t\t<div class=\"elementor-widget-container\">\n\t\t\t\t\t\t\t\t\t<p><span style=\"font-style: inherit;\"><strong>Marca<\/strong><b> 100% Brasileira, independente, feita por mulheres.<\/b><\/span><\/p><p><span style=\"font-style: inherit; font-weight: inherit; color: var(--ast-global-color-3);\"> Nosso objetivo \u00e9 al\u00e9m de criar belas pe\u00e7as de arte, tamb\u00e9m compartilhar a beleza e o valor da arte em tecido com o mundo.\u00a0<\/span><\/p><p><span style=\"font-size: 16px; letter-spacing: 0.4px; word-spacing: 2px;\">Obrigada por escolher nossas pe\u00e7as e por fazer parte da nossa hist\u00f3ria!<\/span><span style=\"font-style: inherit; font-weight: inherit; color: var(--ast-global-color-3);\"><br \/><\/span><\/p>\t\t\t\t\t\t\t\t<\/div>\n\t\t\t\t<\/div>\n\t\t\t\t\t<\/div>\n\t\t<\/div>\n\t\t\t\t\t<\/div>\n\t\t<\/section>\n\t\t\t\t<section class=\"elementor-section elementor-top-section elementor-element elementor-element-a899f8c elementor-section-boxed elementor-section-height-default elementor-section-height-default\" data-id=\"a899f8c\" data-element_type=\"section\">\n\t\t\t\t\t\t<div class=\"elementor-container elementor-column-gap-default\">\n\t\t\t\t\t<div class=\"elementor-column elementor-col-100 elementor-top-column elementor-element elementor-element-17d64e0\" data-id=\"17d64e0\" data-element_type=\"column\">\n\t\t\t<div class=\"elementor-widget-wrap elementor-element-populated\">\n\t\t\t\t\t\t<div class=\"elementor-element elementor-element-3671cae elementor-widget elementor-widget-spacer\" data-id=\"3671cae\" data-element_type=\"widget\" data-widget_type=\"spacer.default\">\n\t\t\t\t<div class=\"elementor-widget-container\">\n\t\t\t\t\t\t\t<div class=\"elementor-spacer\">\n\t\t\t<div class=\"elementor-spacer-inner\"><\/div>\n\t\t<\/div>\n\t\t\t\t\t\t<\/div>\n\t\t\t\t<\/div>\n\t\t\t\t\t<\/div>\n\t\t<\/div>\n\t\t\t\t\t<\/div>\n\t\t<\/section>\n\t\t\t\t<\/div>\n\t\t","protected":false},"excerpt":{"rendered":"<p>Nossa hist\u00f3ria Nossa hist\u00f3ria come\u00e7a com a nossa maior inspira\u00e7\u00e3o na fam\u00edlia, m\u00e3e e av\u00f3, Olinda Metran que sempre foi uma artista talentosa e apaixonada. Ela criou muitas pinturas incr\u00edveis e esculturas maravilhosas ao longo dos anos, sempre experimentando novas t\u00e9cnicas e estilos.&nbsp;Tamb\u00e9m pintava tecidos \u00e0 m\u00e3o, usando sua habilidade e talento para criar pe\u00e7as [&hellip;]<\/p>\n","protected":false},"author":1,"featured_media":0,"parent":0,"menu_order":0,"comment_status":"closed","ping_status":"closed","template":"","meta":{"site-sidebar-layout":"no-sidebar","site-content-layout":"page-builder","ast-site-content-layout":"","site-content-style":"default","site-sidebar-style":"default","ast-global-header-display":"","ast-banner-title-visibility":"","ast-main-header-display":"","ast-hfb-above-header-display":"","ast-hfb-below-header-display":"","ast-hfb-mobile-header-display":"","site-post-title":"disabled","ast-breadcrumbs-content":"","ast-featured-img":"disabled","footer-sml-layout":"","theme-transparent-header-meta":"enabled","adv-header-id-meta":"","stick-header-meta":"","header-above-stick-meta":"","header-main-stick-meta":"","header-below-stick-meta":"","astra-migrate-meta-layouts":"default","ast-page-background-enabled":"default","ast-page-background-meta":{"desktop":{"background-color":"","background-image":"","background-repeat":"repeat","background-position":"center center","background-size":"auto","background-attachment":"scroll","background-type":"","background-media":"","overlay-type":"","overlay-color":"","overlay-gradient":""},"tablet":{"background-color":"","background-image":"","background-repeat":"repeat","background-position":"center center","background-size":"auto","background-attachment":"scroll","background-type":"","background-media":"","overlay-type":"","overlay-color":"","overlay-gradient":""},"mobile":{"background-color":"","background-image":"","background-repeat":"repeat","background-position":"center center","background-size":"auto","background-attachment":"scroll","background-type":"","background-media":"","overlay-type":"","overlay-color":"","overlay-gradient":""}},"ast-content-background-meta":{"desktop":{"background-color":"var(--ast-global-color-5)","background-image":"","background-repeat":"repeat","background-position":"center center","background-size":"auto","background-attachment":"scroll","background-type":"","background-media":"","overlay-type":"","overlay-color":"","overlay-gradient":""},"tablet":{"background-color":"var(--ast-global-color-5)","background-image":"","background-repeat":"repeat","background-position":"center center","background-size":"auto","background-attachment":"scroll","background-type":"","background-media":"","overlay-type":"","overlay-color":"","overlay-gradient":""},"mobile":{"background-color":"var(--ast-global-color-5)","background-image":"","background-repeat":"repeat","background-position":"center center","background-size":"auto","background-attachment":"scroll","background-type":"","background-media":"","overlay-type":"","overlay-color":"","overlay-gradient":""}},"footnotes":""},"class_list":["post-96","page","type-page","status-publish","hentry"],"jetpack_sharing_enabled":true,"_links":{"self":[{"href":"https:\/\/rosa-me.com.br\/index.php?rest_route=\/wp\/v2\/pages\/96","targetHints":{"allow":["GET"]}}],"collection":[{"href":"https:\/\/rosa-me.com.br\/index.php?rest_route=\/wp\/v2\/pages"}],"about":[{"href":"https:\/\/rosa-me.com.br\/index.php?rest_route=\/wp\/v2\/types\/page"}],"author":[{"embeddable":true,"href":"https:\/\/rosa-me.com.br\/index.php?rest_route=\/wp\/v2\/users\/1"}],"replies":[{"embeddable":true,"href":"https:\/\/rosa-me.com.br\/index.php?rest_route=%2Fwp%2Fv2%2Fcomments&post=96"}],"version-history":[{"count":73,"href":"https:\/\/rosa-me.com.br\/index.php?rest_route=\/wp\/v2\/pages\/96\/revisions"}],"predecessor-version":[{"id":7194,"href":"https:\/\/rosa-me.com.br\/index.php?rest_route=\/wp\/v2\/pages\/96\/revisions\/7194"}],"wp:attachment":[{"href":"https:\/\/rosa-me.com.br\/index.php?rest_route=%2Fwp%2Fv2%2Fmedia&parent=96"}],"curies":[{"name":"wp","href":"https:\/\/api.w.org\/{rel}","templated":true}]}}